{"id":14,"date":"2020-03-18T10:15:36","date_gmt":"2020-03-18T09:15:36","guid":{"rendered":"http:\/\/lehrerknorr.de\/?page_id=14"},"modified":"2020-10-11T16:50:12","modified_gmt":"2020-10-11T14:50:12","slug":"startseite","status":"publish","type":"page","link":"https:\/\/lehrerknorr.de\/","title":{"rendered":"Startseite"},"content":{"rendered":"\n<p>Die Seite ist prim\u00e4r f\u00fcr Sch\u00fcler.innen der Berufsoberschulen in der Ausbildungsrichtung Sozialwesen gedacht. Unter der Rubrik P\u00e4dagogik\/Psychologie finden Sie Lernvideos, Textsammlungen, Hinweise zu Pr\u00fcfungen und alles, was Sie ben\u00f6tigen, um wieder in der Schule durchstarten zu k\u00f6nnen.<\/p>\n\n\n\n<p>F\u00fcr weitere F\u00e4cher biete ich eine Sammlung an interessanten Texten, Videos und \u00e4hnlichem Material an.<\/p>\n\n\n\n<p>Seit ein paar Jahren betreue ich an der St\u00e4dtischen Anita-Augspurg-Berufsoberschule in M\u00fcnchen den Kurs zum Dokumentarischen Erz\u00e4hlen. Sie finden in der Rubrik Dokumentarfilm Anregungen, wie mal den k\u00fcnstlerischen Dokumentarfilm in der Schule einsetzen kann.<\/p>\n\n\n\n<p>Es w\u00fcrde mich freuen, wenn ich Sie ein St\u00fcck auf Ihrem Weg zur Abschlusspr\u00fcfung begleiten k\u00f6nnte.<\/p>\n\n\n\n<p> <\/p>\n\n\n\n<p><\/p>\n","protected":false},"excerpt":{"rendered":"<p>Die Seite ist prim\u00e4r f\u00fcr Sch\u00fcler.innen der Berufsoberschulen in der Ausbildungsrichtung Sozialwesen gedacht. Unter der Rubrik P\u00e4dagogik\/Psychologie finden Sie Lernvideos, Textsammlungen, Hinweise zu Pr\u00fcfungen und alles, was Sie ben\u00f6tigen, um wieder in der Schule durchstarten zu k\u00f6nnen. F\u00fcr weitere F\u00e4cher biete ich eine Sammlung an interessanten Texten, Videos und \u00e4hnlichem Material an. Seit ein paar &hellip; <a href=\"https:\/\/lehrerknorr.de\/\" class=\"more-link\"><span class=\"screen-reader-text\">\u201eStartseite\u201c <\/span>weiterlesen<\/a><\/p>\n","protected":false},"author":1,"featured_media":0,"parent":0,"menu_order":0,"comment_status":"closed","ping_status":"closed","template":"","meta":{"footnotes":""},"class_list":["post-14","page","type-page","status-publish","hentry"],"_links":{"self":[{"href":"https:\/\/lehrerknorr.de\/index.php?rest_route=\/wp\/v2\/pages\/14","targetHints":{"allow":["GET"]}}],"collection":[{"href":"https:\/\/lehrerknorr.de\/index.php?rest_route=\/wp\/v2\/pages"}],"about":[{"href":"https:\/\/lehrerknorr.de\/index.php?rest_route=\/wp\/v2\/types\/page"}],"author":[{"embeddable":true,"href":"https:\/\/lehrerknorr.de\/index.php?rest_route=\/wp\/v2\/users\/1"}],"replies":[{"embeddable":true,"href":"https:\/\/lehrerknorr.de\/index.php?rest_route=%2Fwp%2Fv2%2Fcomments&post=14"}],"version-history":[{"count":5,"href":"https:\/\/lehrerknorr.de\/index.php?rest_route=\/wp\/v2\/pages\/14\/revisions"}],"predecessor-version":[{"id":151,"href":"https:\/\/lehrerknorr.de\/index.php?rest_route=\/wp\/v2\/pages\/14\/revisions\/151"}],"wp:attachment":[{"href":"https:\/\/lehrerknorr.de\/index.php?rest_route=%2Fwp%2Fv2%2Fmedia&parent=14"}],"curies":[{"name":"wp","href":"https:\/\/api.w.org\/{rel}","templated":true}]}}